{"id":6450,"date":"2021-03-20T17:15:15","date_gmt":"2021-03-20T17:15:15","guid":{"rendered":"http:\/\/www.orthes.cz\/?page_id=6450"},"modified":"2021-03-20T17:24:49","modified_gmt":"2021-03-20T17:24:49","slug":"ochrana-osobnich-udaju-2","status":"publish","type":"page","link":"https:\/\/www.orthes.cz\/index.php\/ochrana-osobnich-udaju-2\/","title":{"rendered":"Ochrana osobn\u00edch \u00fadaj\u016f"},"content":{"rendered":"[vc_row type=&#8220;full_width_background&#8220; full_screen_row_position=&#8220;middle&#8220; column_margin=&#8220;default&#8220; column_direction=&#8220;default&#8220; column_direction_tablet=&#8220;default&#8220; column_direction_phone=&#8220;default&#8220; bg_image=&#8220;6452&#8243; bg_position=&#8220;center top&#8220; bg_repeat=&#8220;no-repeat&#8220; scene_position=&#8220;center&#8220; text_color=&#8220;dark&#8220; text_align=&#8220;left&#8220; row_border_radius=&#8220;none&#8220; row_border_radius_applies=&#8220;bg&#8220; color_overlay=&#8220;#ffffff&#8220; overlay_strength=&#8220;0.3&#8243; gradient_direction=&#8220;left_to_right&#8220; shape_divider_position=&#8220;bottom&#8220; bg_image_animation=&#8220;none&#8220; shape_type=&#8220;&#8220;][vc_column column_padding=&#8220;no-extra-padding&#8220; column_padding_tablet=&#8220;inherit&#8220; column_padding_phone=&#8220;inherit&#8220; column_padding_position=&#8220;all&#8220; background_color_opacity=&#8220;1&#8243; background_hover_color_opacity=&#8220;1&#8243; column_shadow=&#8220;none&#8220; column_border_radius=&#8220;none&#8220; column_link_target=&#8220;_self&#8220; gradient_direction=&#8220;left_to_right&#8220; overlay_strength=&#8220;0.3&#8243; width=&#8220;1\/1&#8243; tablet_width_inherit=&#8220;default&#8220; tablet_text_alignment=&#8220;default&#8220; phone_text_alignment=&#8220;default&#8220; column_border_width=&#8220;none&#8220; column_border_style=&#8220;solid&#8220; bg_image_animation=&#8220;none&#8220;][divider line_type=&#8220;No Line&#8220; custom_height=&#8220;500&#8243;][\/vc_column][\/vc_row][vc_row type=&#8220;full_width_background&#8220; full_screen_row_position=&#8220;middle&#8220; column_margin=&#8220;default&#8220; column_direction=&#8220;default&#8220; column_direction_tablet=&#8220;default&#8220; column_direction_phone=&#8220;default&#8220; scene_position=&#8220;center&#8220; top_padding=&#8220;5%&#8220; bottom_padding=&#8220;5%&#8220; text_color=&#8220;dark&#8220; text_align=&#8220;left&#8220; row_border_radius=&#8220;none&#8220; row_border_radius_applies=&#8220;bg&#8220; overlay_strength=&#8220;0.3&#8243; gradient_direction=&#8220;left_to_right&#8220; shape_divider_position=&#8220;bottom&#8220; bg_image_animation=&#8220;none&#8220; shape_type=&#8220;&#8220;][vc_column column_padding=&#8220;no-extra-padding&#8220; column_padding_tablet=&#8220;inherit&#8220; column_padding_phone=&#8220;inherit&#8220; column_padding_position=&#8220;all&#8220; background_color_opacity=&#8220;1&#8243; background_hover_color_opacity=&#8220;1&#8243; column_shadow=&#8220;none&#8220; column_border_radius=&#8220;none&#8220; column_link_target=&#8220;_self&#8220; gradient_direction=&#8220;left_to_right&#8220; overlay_strength=&#8220;0.3&#8243; width=&#8220;1\/1&#8243; tablet_width_inherit=&#8220;default&#8220; tablet_text_alignment=&#8220;default&#8220; phone_text_alignment=&#8220;default&#8220; column_border_width=&#8220;none&#8220; column_border_style=&#8220;solid&#8220; bg_image_animation=&#8220;none&#8220;][vc_column_text]\n<div id=\"content_wrap\">\n<h2 style=\"text-align: center;\">Ochrana osobn\u00edch \u00fadaj\u016f<\/h2>\n<p>&nbsp;<\/p>\n<div id=\"content\">\n<div class=\"content\">\n<div>\n<p>Nemocnice ORTHES, spol. s r.o. (d\u00e1le jen \u201enemocnice\u201c), nakl\u00e1d\u00e1 s osobn\u00edmi \u00fadaji, p\u0159i\u010dem\u017e tak \u010din\u00ed mimo jin\u00e9 a zejm\u00e9na v souladu s po\u017eadavky Na\u0159\u00edzen\u00ed Evropsk\u00e9ho parlamentu a Rady (EU) \u010d. 2016\/679 o ochran\u011b fyzick\u00fdch osob v souvislosti se zpracov\u00e1n\u00edm osobn\u00edch \u00fadaj\u016f a o voln\u00e9m pohybu t\u011bchto \u00fadaj\u016f a o zru\u0161en\u00ed sm\u011brnice 95\/46\/ES (obecn\u00e9 na\u0159\u00edzen\u00ed o ochran\u011b osobn\u00edch \u00fadaj\u016f nebo tak\u00e9 GDPR). Jako\u017eto spr\u00e1vce osobn\u00edch \u00fadaj\u016f upozor\u0148uje sv\u00e9 klienty, zam\u011bstnance, uchaze\u010de o zam\u011bstn\u00e1n\u00ed, smluvn\u00ed partnery, praktikanty, tazatele, jako\u017e i ostatn\u00ed ve\u0159ejnost na skute\u010dnost, \u017ee osobn\u00ed, pop\u0159. citliv\u00e9 \u00fadaje t\u011bchto osob nezbytn\u00e9 pro \u0159\u00e1dn\u00e9 uplatn\u011bn\u00ed jejich pr\u00e1v a povinnost\u00ed v\u016f\u010di nemocnici vypl\u00fdvaj\u00edc\u00edch ze zvl\u00e1\u0161tn\u00edho pr\u00e1vn\u00edho p\u0159edpisu \u010di smluvn\u00edho vztahu s nemocnic\u00ed budou nemocnic\u00ed v souladu se z\u00e1konem o ochran\u011b osobn\u00edch \u00fadaj\u016f zpracov\u00e1ny a po nezbytn\u011b nutnou dobu uchov\u00e1v\u00e1ny. \u017d\u00e1dn\u00e9 osobn\u00ed, pop\u0159. citliv\u00e9 \u00fadaje t\u00fdkaj\u00edc\u00ed se konkr\u00e9tn\u00ed osoby nebudou bez jej\u00edho p\u0159edchoz\u00edho p\u00edsemn\u00e9ho souhlasu zp\u0159\u00edstupn\u011bny \u017e\u00e1dn\u00fdm p\u0159\u00edjemc\u016fm.\u00a0N\u00ed\u017ee uv\u00e1d\u00edme jako spr\u00e1vce sv\u00e9 kontaktn\u00ed \u00fadaje.<\/p>\n<\/div>\n<p><strong>Kontaktn\u00ed adresa spr\u00e1vce:<\/strong><\/p>\n<p>ORTHES, spol. s r.o.<\/p>\n<p>se s\u00eddlem Palack\u00e9ho 481, 756 61 Ro\u017enov p.R.<\/p>\n<p>I\u010c: 60718048<\/p>\n<p>Telefon: + 420 571 757\u202f 940<\/p>\n<p>e-mail: orthes@orthes.cz<\/p>\n<p>ID datov\u00e9 schr\u00e1nky: ktgrsb7<\/p>\n<p>Nezbytn\u00e9 osobn\u00ed \u00fadaje zpracov\u00e1van\u00e9 nemocnic\u00ed v souvislosti s jej\u00ed \u010dinnost\u00ed vykon\u00e1vanou ve ve\u0159ejn\u00e9m z\u00e1jmu jsou shroma\u017e\u010fov\u00e1ny a d\u00e1le u\u017e\u00edv\u00e1ny ve v\u011bt\u0161in\u011b p\u0159\u00edpad\u016f na z\u00e1klad\u011b pln\u011bn\u00ed pr\u00e1vn\u00edch povinnost\u00ed, kter\u00e9 se na nemocnici vztahuj\u00ed skrze p\u0159\u00edslu\u0161n\u00e9 pr\u00e1vn\u00ed p\u0159edpisy, a d\u00e1le pro pln\u011bn\u00ed \u00fakol\u016f ve ve\u0159ejn\u00e9m z\u00e1jmu nebo jin\u00e9m, kter\u00fdm je nemocnice pov\u011b\u0159ena. Dal\u0161\u00ed nezbytn\u00e9 osobn\u00ed \u00fadaje jsou shroma\u017e\u010fov\u00e1ny za \u00fa\u010delem pln\u011bn\u00ed uzav\u0159en\u00e9ho vztahu mezi nemocnic\u00ed a subjekty osobn\u00edch \u00fadaj\u016f. Ve v\u00fdjime\u010dn\u00fdch p\u0159\u00edpadech jsou osobn\u00ed \u00fadaje shroma\u017e\u010fov\u00e1ny a d\u00e1le zpracov\u00e1v\u00e1ny na z\u00e1klad\u011b ud\u011blen\u00e9ho souhlasu subjekt\u016f \u00fadaj\u016f, kter\u00fd je v\u017edy vyj\u00e1d\u0159en svobodn\u011b, konkr\u00e9tn\u011b, s n\u00e1le\u017eit\u00fdm informov\u00e1n\u00edm subjektu \u00fadaj\u016f a jednozna\u010dn\u00fdm projevem v\u016fle; sou\u010d\u00e1st\u00ed takov\u00e9ho souhlasu je v\u017edy informace o mo\u017enosti ud\u011blen\u00fd souhlas kdykoliv odvolat. Osobn\u00ed \u00fadaje nejsou p\u0159ed\u00e1v\u00e1ny jin\u00fdm osob\u00e1m, pokud povinnost jejich p\u0159ed\u00e1n\u00ed org\u00e1n\u016fm, \u00fa\u0159ad\u016fm \u010di instituc\u00edm nen\u00ed nemocnici ulo\u017eena zvl\u00e1\u0161tn\u00edm pr\u00e1vn\u00edm p\u0159edpisem anebo k tomu subjekt \u00fadaj\u016f neud\u011blil souhlas; t\u00edm nen\u00ed dot\u010deno pr\u00e1vo v jednotliv\u00fdch p\u0159\u00edpadech nakl\u00e1dat s osobn\u00edmi \u00fadaji, resp. zpracov\u00e1vat tyto i za pomoci zpracovatel\u016f, kte\u0159\u00ed v\u0161ak v\u017edy poskytuj\u00ed ochranu osobn\u00edch \u00fadaj\u016f v \u00farovni minim\u00e1ln\u011b stejn\u00e9 jako sama nemocnice. P\u0159i zpracov\u00e1n\u00ed osobn\u00edch \u00fadaj\u016f nedoch\u00e1z\u00ed k automatizovan\u00e9mu rozhodov\u00e1n\u00ed, na jeho\u017e z\u00e1klad\u011b by byly \u010din\u011bny \u00fakony \u010di rozhodnut\u00ed, jejich\u017e obsahem by byl z\u00e1sah do pr\u00e1v \u010di opr\u00e1vn\u011bn\u00fdch z\u00e1jm\u016f subjekt\u016f osobn\u00edch \u00fadaj\u016f.<\/p>\n<p>Osobn\u00ed \u00fadaje jsou zpracov\u00e1v\u00e1ny pouze po nezbytnou dobu, kter\u00e1 je individu\u00e1ln\u00ed pro jednotliv\u00e9 \u00fa\u010dely zpracov\u00e1n\u00ed. Po uplynut\u00ed t\u00e9to doby jsou osobn\u00ed \u00fadaje skartov\u00e1ny nebo jsou d\u00e1le uchov\u00e1ny po dobu stanovenou z\u00e1konem \u010d. 499\/2004 Sb., o archivnictv\u00ed a spisov\u00e9 slu\u017eb\u011b v platn\u00e9m zn\u011bn\u00ed, pop\u0159\u00edpad\u011b po dobu stanovenou jin\u00fdmi z\u00e1vazn\u00fdmi pr\u00e1vn\u00edmi p\u0159edpisy. V souvislosti se zpracov\u00e1n\u00edm osobn\u00edch \u00fadaj\u016f m\u00e1te pr\u00e1vo na p\u0159\u00edstup k Va\u0161im osobn\u00edm \u00fadaj\u016fm, na jejich opravu nebo v\u00fdmaz, pop\u0159\u00edpad\u011b omezen\u00ed zpracov\u00e1n\u00ed, vzn\u00e9st n\u00e1mitku proti jejich zpracov\u00e1n\u00ed, p\u0159\u00edpadn\u011b uplatnit pr\u00e1vo na p\u0159enositelnost \u00fadaj\u016f a dal\u0161\u00ed pr\u00e1va podle obecn\u00e9ho na\u0159\u00edzen\u00ed o ochran\u011b osobn\u00edch \u00fadaj\u016f.<\/p>\n<p>Sv\u00e1 pr\u00e1va a po\u017eadavky m\u016f\u017eete uplatnit na v\u00fd\u0161e uveden\u00e9m kontaktu.<\/p>\n<p>Va\u0161e po\u017eadavky budou v\u017edy \u0159\u00e1dn\u011b posouzeny a vypo\u0159\u00e1d\u00e1ny v souladu s p\u0159\u00edslu\u0161n\u00fdmi ustanoven\u00edmi obecn\u00e9ho na\u0159\u00edzen\u00ed o ochran\u011b osobn\u00edch \u00fadaj\u016f. V p\u0159\u00edpad\u011b, \u017ee nebudete souhlasit s vypo\u0159\u00e1d\u00e1n\u00edm Va\u0161ich po\u017eadavk\u016f a \u017e\u00e1dost\u00ed, m\u00e1te pr\u00e1vo podat st\u00ed\u017enost \u00da\u0159adu pro ochranu osobn\u00edch \u00fadaj\u016f.<\/p>\n<p>&nbsp;<\/p>\n<h2>Ochrana osobn\u00edch \u00fadaj\u016f a nakl\u00e1d\u00e1n\u00ed s cookies<\/h2>\n<p>Tyto webov\u00e9 str\u00e1nky schra\u0148uj\u00ed pouze osobn\u00ed \u00fadaje, kter\u00e9 dobrovoln\u011b poskytnete vypln\u011bn\u00edm a odesl\u00e1n\u00edm n\u011bkter\u00e9ho z formul\u00e1\u0159\u016f v r\u00e1mci t\u011bchto webov\u00fdch str\u00e1nek.<\/p>\n<p>Provozovatel neshroma\u017e\u010fuje \u017e\u00e1dn\u00e9 dal\u0161\u00ed \u00fadaje, kter\u00e9 by mohly identifikovat n\u00e1v\u0161t\u011bvn\u00edky t\u011bchto webov\u00fdch str\u00e1nek. To se v\u0161ak net\u00fdk\u00e1 informac\u00ed, kter\u00e9 sd\u011blujete dobrovoln\u011b, nap\u0159\u00edklad prost\u0159ednictv\u00edm e-mailu nebo p\u0159i pou\u017eit\u00ed webov\u00e9ho formul\u00e1\u0159e, kde je z\u0159ejm\u00fd souhlas s jejich pou\u017eit\u00edm pro p\u0159\u00edslu\u0161n\u00fd \u00fa\u010del. \u017d\u00e1dn\u00e1 informace, kterou poskytnete prost\u0159ednictv\u00edm webov\u00fdch str\u00e1nek provozovatele, nen\u00ed bez Va\u0161eho souhlasu zp\u0159\u00edstupn\u011bna t\u0159et\u00ed stran\u011b a provozovatel ji pou\u017eije pouze pro \u00fa\u010dely, pro kter\u00e9 jste ji poskytli.<\/p>\n<p>P\u0159i zpracov\u00e1n\u00ed osobn\u00edch \u00fadaj\u016f provozovatel db\u00e1 na dodr\u017eov\u00e1n\u00ed ve\u0161ker\u00fdch norem zabezpe\u010den\u00ed, zaru\u010duj\u00edc\u00ed soulad se z\u00e1konem \u010d. 101\/2000 Sb., o ochran\u011b osobn\u00edch \u00fadaj\u016f a o zm\u011bn\u011b n\u011bkter\u00fdch z\u00e1kon\u016f, ve zn\u011bn\u00ed pozd\u011bj\u0161\u00edch p\u0159edpis\u016f.<\/p>\n<h2>Cookies<\/h2>\n<p>Tento webu pou\u017e\u00edv\u00e1 Cookies. \u201eCookies\u201c jsou informace, kter\u00e9 jsou z internetov\u00e9 str\u00e1nky p\u0159ev\u00e1d\u011bny na hard disk Va\u0161eho po\u010d\u00edta\u010de. Cookies umo\u017e\u0148uj\u00ed webov\u00e9 str\u00e1nce zapamatovat si d\u016fle\u017eit\u00e9 informace, kter\u00e9 V\u00e1m usnadn\u00ed jej\u00ed pou\u017e\u00edv\u00e1n\u00ed. Jako v\u011bt\u0161ina webov\u00fdch str\u00e1nek, i na\u0161e str\u00e1nky\u00a0pou\u017e\u00edvaj\u00ed cookies proto, aby mohly l\u00e9pe uspokojovat Va\u0161e pot\u0159eby p\u0159i pou\u017e\u00edv\u00e1n\u00ed internetu. Na z\u00e1klad\u011b anonymn\u00edch datov\u00fdch objekt\u016f nap\u0159\u00edklad sledujeme celkov\u00fd po\u010det n\u00e1v\u0161t\u011bvn\u00edk\u016f na na\u0161ich str\u00e1nk\u00e1ch.<br \/>\nM\u016f\u017eeme rovn\u011b\u017e vyu\u017e\u00edt cookies, abychom si V\u00e1s pamatovali, kdy\u017e se vr\u00e1t\u00edte na na\u0161i str\u00e1nku nebo tak\u00e9 m\u016f\u017eeme pomoc\u00ed cookies \u0159\u00eddit v\u011bt\u0161inu sout\u011b\u017e\u00ed a usnadnit tak va\u0161e aktivity na na\u0161em webu. V t\u011bchto p\u0159\u00edpadech m\u016f\u017eeme spojovat osobn\u00ed \u00fadaje se souborem cookies. Ve sv\u00e9m internetov\u00e9m prohl\u00ed\u017ee\u010di vyberte p\u0159\u00edslu\u0161nou volbu, pokud nechcete cookies pou\u017e\u00edvat nebo pokud chcete, aby v\u00e1m prohl\u00ed\u017ee\u010d pou\u017eit\u00ed cookies ozn\u00e1mil. Pokud zablokujete v\u0161echny cookies, nebudete moci vyu\u017e\u00edvat v\u00fdhody v\u0161ech funkc\u00ed na t\u00e9to webov\u00e9 str\u00e1nce.<\/p>\n<h2>Google Analytics<\/h2>\n<p>Tyto webov\u00e9 str\u00e1nky vyu\u017e\u00edvaj\u00ed slu\u017ebu Google Analytics, poskytovanou spole\u010dnost\u00ed Google, Inc. (d\u00e1le jen \u201eGoogle\u201c). Slu\u017eba Google Analytics pou\u017e\u00edv\u00e1 soubor\u016f \u201ecookies\u201c, kter\u00e9 jsou textov\u00fdmi soubory ukl\u00e1dan\u00fdmi do va\u0161eho po\u010d\u00edta\u010de, umo\u017e\u0148uj\u00edc\u00ed anal\u00fdzu zp\u016fsobu u\u017e\u00edv\u00e1n\u00ed t\u00e9to str\u00e1nky jej\u00edmi u\u017eivateli. Informace vygenerovan\u00e9 souborem cookie o u\u017e\u00edv\u00e1n\u00ed str\u00e1nky (v\u010detn\u011b va\u0161\u00ed IP adresy) budou spole\u010dnost\u00ed Google p\u0159eneseny a ulo\u017eeny na serverech ve Spojen\u00fdch st\u00e1tech.<br \/>\nGoogle bude u\u017e\u00edvat tyto informace pro \u00fa\u010dely vyhodnocov\u00e1n\u00ed u\u017e\u00edv\u00e1n\u00ed str\u00e1nky a vytv\u00e1\u0159en\u00ed zpr\u00e1v o jej\u00ed aktivit\u011b, ur\u010den\u00fdch pro jej\u00ed provozovatele, a pro poskytov\u00e1n\u00ed dal\u0161\u00edch slu\u017eeb t\u00fdkaj\u00edc\u00edch se \u010dinnost\u00ed na str\u00e1nce a u\u017e\u00edv\u00e1n\u00ed internetu v\u016fbec. Google m\u016f\u017ee tak\u00e9 poskytnout tyto informace t\u0159et\u00edm osob\u00e1m, bude-li to po\u017eadov\u00e1no z\u00e1konem nebo budou-li takov\u00e9to t\u0159et\u00ed osoby zpracov\u00e1vat tyto informace pro Google. Google nebude spojovat va\u0161i IP adresu s jak\u00fdmikoli jin\u00fdmi daty, kter\u00e1 m\u00e1 k dispozici. M\u016f\u017eete odm\u00edtnout pou\u017e\u00edv\u00e1n\u00ed soubor\u016f cookies volbou v p\u0159\u00edslu\u0161n\u00e9m nastaven\u00ed ve va\u0161em prohl\u00ed\u017ee\u010di, av\u0161ak uv\u011bdomte si, \u017ee jestli\u017ee tak u\u010din\u00edte, nebudete schopni pln\u011b vyu\u017e\u00edvat ve\u0161ker\u00e9 funkce t\u00e9to str\u00e1nky. Pou\u017e\u00edv\u00e1n\u00edm t\u00e9to str\u00e1nky souhlas\u00edte se zpracov\u00e1v\u00e1n\u00edm \u00fadaj\u016f o v\u00e1s spole\u010dnost\u00ed Google, a to zp\u016fsobem a k \u00fa\u010delu shora uveden\u00fdm.<br \/>\nDetailn\u00ed informace o Google Analytics a ochran\u011b osobn\u00edch \u00fadaj\u016f naleznete na http:\/\/www.google.com\/intl\/cs\/privacy\/privacy-policy.html.<\/p>\n<\/div>\n<\/div>\n<\/div>\n[\/vc_column_text][\/vc_column][\/vc_row]\n","protected":false},"excerpt":{"rendered":"<p>[vc_row type=&#8220;full_width_background&#8220; full_screen_row_position=&#8220;middle&#8220; column_margin=&#8220;default&#8220; column_direction=&#8220;default&#8220; column_direction_tablet=&#8220;default&#8220; column_direction_phone=&#8220;default&#8220; bg_image=&#8220;6452&#8243; bg_position=&#8220;center top&#8220; bg_repeat=&#8220;no-repeat&#8220; scene_position=&#8220;center&#8220; text_color=&#8220;dark&#8220; text_align=&#8220;left&#8220; row_border_radius=&#8220;none&#8220; row_border_radius_applies=&#8220;bg&#8220; color_overlay=&#8220;#ffffff&#8220; overlay_strength=&#8220;0.3&#8243; gradient_direction=&#8220;left_to_right&#8220; shape_divider_position=&#8220;bottom&#8220; bg_image_animation=&#8220;none&#8220; shape_type=&#8220;&#8220;][vc_column column_padding=&#8220;no-extra-padding&#8220; column_padding_tablet=&#8220;inherit&#8220; column_padding_phone=&#8220;inherit&#8220;&#8230;<\/p>\n","protected":false},"author":5,"featured_media":0,"parent":0,"menu_order":0,"comment_status":"closed","ping_status":"closed","template":"","meta":{"footnotes":""},"class_list":["post-6450","page","type-page","status-publish"],"_links":{"self":[{"href":"https:\/\/www.orthes.cz\/index.php\/wp-json\/wp\/v2\/pages\/6450","targetHints":{"allow":["GET"]}}],"collection":[{"href":"https:\/\/www.orthes.cz\/index.php\/wp-json\/wp\/v2\/pages"}],"about":[{"href":"https:\/\/www.orthes.cz\/index.php\/wp-json\/wp\/v2\/types\/page"}],"author":[{"embeddable":true,"href":"https:\/\/www.orthes.cz\/index.php\/wp-json\/wp\/v2\/users\/5"}],"replies":[{"embeddable":true,"href":"https:\/\/www.orthes.cz\/index.php\/wp-json\/wp\/v2\/comments?post=6450"}],"version-history":[{"count":7,"href":"https:\/\/www.orthes.cz\/index.php\/wp-json\/wp\/v2\/pages\/6450\/revisions"}],"predecessor-version":[{"id":6459,"href":"https:\/\/www.orthes.cz\/index.php\/wp-json\/wp\/v2\/pages\/6450\/revisions\/6459"}],"wp:attachment":[{"href":"https:\/\/www.orthes.cz\/index.php\/wp-json\/wp\/v2\/media?parent=6450"}],"curies":[{"name":"wp","href":"https:\/\/api.w.org\/{rel}","templated":true}]}}