{"id":6468,"date":"2021-03-20T17:32:06","date_gmt":"2021-03-20T17:32:06","guid":{"rendered":"http:\/\/www.orthes.cz\/?page_id=6468"},"modified":"2024-01-17T17:50:41","modified_gmt":"2024-01-17T17:50:41","slug":"cenik-vykonu-a-sluzeb","status":"publish","type":"page","link":"https:\/\/www.orthes.cz\/index.php\/cenik-vykonu-a-sluzeb\/","title":{"rendered":"Cen\u00edk v\u00fdkon\u016f a slu\u017eeb"},"content":{"rendered":"[vc_row type=&#8220;full_width_background&#8220; full_screen_row_position=&#8220;middle&#8220; column_margin=&#8220;default&#8220; column_direction=&#8220;default&#8220; column_direction_tablet=&#8220;default&#8220; column_direction_phone=&#8220;default&#8220; bg_image=&#8220;6470&#8243; bg_position=&#8220;left top&#8220; bg_repeat=&#8220;no-repeat&#8220; scene_position=&#8220;center&#8220; text_color=&#8220;dark&#8220; text_align=&#8220;left&#8220; row_border_radius=&#8220;none&#8220; row_border_radius_applies=&#8220;bg&#8220; color_overlay=&#8220;#f7f7f7&#8243; overlay_strength=&#8220;0.3&#8243; gradient_direction=&#8220;left_to_right&#8220; shape_divider_position=&#8220;bottom&#8220; bg_image_animation=&#8220;none&#8220; shape_type=&#8220;&#8220;][vc_column column_padding=&#8220;no-extra-padding&#8220; column_padding_tablet=&#8220;inherit&#8220; column_padding_phone=&#8220;inherit&#8220; column_padding_position=&#8220;all&#8220; background_color_opacity=&#8220;1&#8243; background_hover_color_opacity=&#8220;1&#8243; column_shadow=&#8220;none&#8220; column_border_radius=&#8220;none&#8220; column_link_target=&#8220;_self&#8220; gradient_direction=&#8220;left_to_right&#8220; overlay_strength=&#8220;0.3&#8243; width=&#8220;1\/1&#8243; tablet_width_inherit=&#8220;default&#8220; tablet_text_alignment=&#8220;default&#8220; phone_text_alignment=&#8220;default&#8220; column_border_width=&#8220;none&#8220; column_border_style=&#8220;solid&#8220; bg_image_animation=&#8220;none&#8220;][divider line_type=&#8220;No Line&#8220; custom_height=&#8220;650&#8243;][\/vc_column][\/vc_row][vc_row type=&#8220;in_container&#8220; full_screen_row_position=&#8220;middle&#8220; column_margin=&#8220;default&#8220; column_direction=&#8220;default&#8220; column_direction_tablet=&#8220;default&#8220; column_direction_phone=&#8220;default&#8220; scene_position=&#8220;center&#8220; top_padding=&#8220;5%&#8220; bottom_padding=&#8220;5%&#8220; text_color=&#8220;dark&#8220; text_align=&#8220;left&#8220; row_border_radius=&#8220;none&#8220; row_border_radius_applies=&#8220;bg&#8220; overlay_strength=&#8220;0.3&#8243; gradient_direction=&#8220;left_to_right&#8220; shape_divider_position=&#8220;bottom&#8220; bg_image_animation=&#8220;none&#8220; shape_type=&#8220;&#8220;][vc_column column_padding=&#8220;no-extra-padding&#8220; column_padding_tablet=&#8220;inherit&#8220; column_padding_phone=&#8220;inherit&#8220; column_padding_position=&#8220;all&#8220; background_color_opacity=&#8220;1&#8243; background_hover_color_opacity=&#8220;1&#8243; column_shadow=&#8220;none&#8220; column_border_radius=&#8220;none&#8220; column_link_target=&#8220;_self&#8220; gradient_direction=&#8220;left_to_right&#8220; overlay_strength=&#8220;0.3&#8243; width=&#8220;1\/1&#8243; tablet_width_inherit=&#8220;default&#8220; tablet_text_alignment=&#8220;default&#8220; phone_text_alignment=&#8220;default&#8220; column_border_width=&#8220;none&#8220; column_border_style=&#8220;solid&#8220; bg_image_animation=&#8220;none&#8220;][vc_column_text]\n<div id=\"content_wrap\">\n<div id=\"content\">\n<div class=\"content\">\n<h2 style=\"text-align: center;\">Cen\u00edk v\u00fdkon\u016f a slu\u017eeb<\/h2>\n<p>&nbsp;<\/p>\n<table>\n<tbody>\n<tr class=\"row1\">\n<td>V\u00fdkon\/slu\u017eba<\/td>\n<td>Cena<\/td>\n<\/tr>\n<tr>\n<td>Pau\u0161\u00e1l za poskytovan\u00e9 slu\u017eby<br \/>\n&#8211; TV + SAT, WiFi, Klimatizace, soci\u00e1ln\u00ed za\u0159\u00edzen\u00ed<\/td>\n<td>400,- K\u010d\/1 den<\/td>\n<\/tr>\n<tr>\n<td>Opis zdravotnick\u00e9 dokumentace<\/td>\n<td>50,- K\u010d\/1 str.<\/td>\n<\/tr>\n<tr>\n<td>Vratn\u00e1 z\u00e1loha za p\u016fj\u010den\u00ed berl\u00ed<\/td>\n<td>400,- K\u010d\/ 1 p\u00e1r<\/td>\n<\/tr>\n<tr>\n<td>Kompresivn\u00ed trombembolick\u00e9 pun\u010dochy<\/td>\n<td>250,- K\u010d\/ 1 p\u00e1r<\/td>\n<\/tr>\n<tr>\n<td>Depo-medrol (obst\u0159ik)<\/td>\n<td>50,- K\u010d\/1 obst\u0159ik<\/td>\n<\/tr>\n<tr>\n<td>Cizinci a vy\u0161et\u0159en\u00ed nehrazen\u00e9 ze zdravotn\u00edho poj.<\/td>\n<td>1,33 K\u010d\/bod<\/td>\n<\/tr>\n<tr>\n<td><\/td>\n<td><\/td>\n<\/tr>\n<\/tbody>\n<\/table>\n<h4><\/h4>\n<\/div>\n<\/div>\n<\/div>\n[\/vc_column_text][\/vc_column][\/vc_row]\n","protected":false},"excerpt":{"rendered":"<p>[vc_row type=&#8220;full_width_background&#8220; full_screen_row_position=&#8220;middle&#8220; column_margin=&#8220;default&#8220; column_direction=&#8220;default&#8220; column_direction_tablet=&#8220;default&#8220; column_direction_phone=&#8220;default&#8220; bg_image=&#8220;6470&#8243; bg_position=&#8220;left top&#8220; bg_repeat=&#8220;no-repeat&#8220; scene_position=&#8220;center&#8220; text_color=&#8220;dark&#8220; text_align=&#8220;left&#8220; row_border_radius=&#8220;none&#8220; row_border_radius_applies=&#8220;bg&#8220; color_overlay=&#8220;#f7f7f7&#8243; overlay_strength=&#8220;0.3&#8243; gradient_direction=&#8220;left_to_right&#8220; shape_divider_position=&#8220;bottom&#8220; bg_image_animation=&#8220;none&#8220; shape_type=&#8220;&#8220;][vc_column column_padding=&#8220;no-extra-padding&#8220; column_padding_tablet=&#8220;inherit&#8220; column_padding_phone=&#8220;inherit&#8220;&#8230;<\/p>\n","protected":false},"author":5,"featured_media":0,"parent":0,"menu_order":0,"comment_status":"closed","ping_status":"closed","template":"","meta":{"footnotes":""},"class_list":["post-6468","page","type-page","status-publish"],"_links":{"self":[{"href":"https:\/\/www.orthes.cz\/index.php\/wp-json\/wp\/v2\/pages\/6468","targetHints":{"allow":["GET"]}}],"collection":[{"href":"https:\/\/www.orthes.cz\/index.php\/wp-json\/wp\/v2\/pages"}],"about":[{"href":"https:\/\/www.orthes.cz\/index.php\/wp-json\/wp\/v2\/types\/page"}],"author":[{"embeddable":true,"href":"https:\/\/www.orthes.cz\/index.php\/wp-json\/wp\/v2\/users\/5"}],"replies":[{"embeddable":true,"href":"https:\/\/www.orthes.cz\/index.php\/wp-json\/wp\/v2\/comments?post=6468"}],"version-history":[{"count":9,"href":"https:\/\/www.orthes.cz\/index.php\/wp-json\/wp\/v2\/pages\/6468\/revisions"}],"predecessor-version":[{"id":6825,"href":"https:\/\/www.orthes.cz\/index.php\/wp-json\/wp\/v2\/pages\/6468\/revisions\/6825"}],"wp:attachment":[{"href":"https:\/\/www.orthes.cz\/index.php\/wp-json\/wp\/v2\/media?parent=6468"}],"curies":[{"name":"wp","href":"https:\/\/api.w.org\/{rel}","templated":true}]}}