{"id":6816,"date":"2023-08-04T15:40:03","date_gmt":"2023-08-04T15:40:03","guid":{"rendered":"https:\/\/www.orthes.cz\/?page_id=6816"},"modified":"2026-03-07T17:18:30","modified_gmt":"2026-03-07T17:18:30","slug":"volnamista","status":"publish","type":"page","link":"https:\/\/www.orthes.cz\/index.php\/volnamista\/","title":{"rendered":"Voln\u00e1 m\u00edsta"},"content":{"rendered":"[vc_row type=&#8220;full_width_background&#8220; full_screen_row_position=&#8220;middle&#8220; column_margin=&#8220;default&#8220; column_direction=&#8220;default&#8220; column_direction_tablet=&#8220;default&#8220; column_direction_phone=&#8220;default&#8220; bg_image=&#8220;6476&#8243; bg_position=&#8220;center top&#8220; bg_repeat=&#8220;no-repeat&#8220; scene_position=&#8220;center&#8220; text_color=&#8220;dark&#8220; text_align=&#8220;left&#8220; row_border_radius=&#8220;none&#8220; row_border_radius_applies=&#8220;bg&#8220; color_overlay=&#8220;#ffffff&#8220; overlay_strength=&#8220;0.3&#8243; gradient_direction=&#8220;left_to_right&#8220; shape_divider_position=&#8220;bottom&#8220; bg_image_animation=&#8220;none&#8220; shape_type=&#8220;&#8220;][vc_column column_padding=&#8220;no-extra-padding&#8220; column_padding_tablet=&#8220;inherit&#8220; column_padding_phone=&#8220;inherit&#8220; column_padding_position=&#8220;all&#8220; background_color_opacity=&#8220;1&#8243; background_hover_color_opacity=&#8220;1&#8243; column_shadow=&#8220;none&#8220; column_border_radius=&#8220;none&#8220; column_link_target=&#8220;_self&#8220; gradient_direction=&#8220;left_to_right&#8220; overlay_strength=&#8220;0.3&#8243; width=&#8220;1\/1&#8243; tablet_width_inherit=&#8220;default&#8220; tablet_text_alignment=&#8220;default&#8220; phone_text_alignment=&#8220;default&#8220; column_border_width=&#8220;none&#8220; column_border_style=&#8220;solid&#8220; bg_image_animation=&#8220;none&#8220;][divider line_type=&#8220;No Line&#8220; custom_height=&#8220;500&#8243;][\/vc_column][\/vc_row][vc_row type=&#8220;full_width_background&#8220; full_screen_row_position=&#8220;middle&#8220; column_margin=&#8220;default&#8220; column_direction=&#8220;default&#8220; column_direction_tablet=&#8220;default&#8220; column_direction_phone=&#8220;default&#8220; scene_position=&#8220;center&#8220; top_padding=&#8220;5%&#8220; bottom_padding=&#8220;5%&#8220; text_color=&#8220;dark&#8220; text_align=&#8220;left&#8220; row_border_radius=&#8220;none&#8220; row_border_radius_applies=&#8220;bg&#8220; overlay_strength=&#8220;0.3&#8243; gradient_direction=&#8220;left_to_right&#8220; shape_divider_position=&#8220;bottom&#8220; bg_image_animation=&#8220;none&#8220; shape_type=&#8220;&#8220;][vc_column column_padding=&#8220;no-extra-padding&#8220; column_padding_tablet=&#8220;inherit&#8220; column_padding_phone=&#8220;inherit&#8220; column_padding_position=&#8220;all&#8220; background_color_opacity=&#8220;1&#8243; background_hover_color_opacity=&#8220;1&#8243; column_shadow=&#8220;none&#8220; column_border_radius=&#8220;none&#8220; column_link_target=&#8220;_self&#8220; gradient_direction=&#8220;left_to_right&#8220; overlay_strength=&#8220;0.3&#8243; width=&#8220;1\/1&#8243; tablet_width_inherit=&#8220;default&#8220; tablet_text_alignment=&#8220;default&#8220; phone_text_alignment=&#8220;default&#8220; column_border_width=&#8220;none&#8220; column_border_style=&#8220;solid&#8220; bg_image_animation=&#8220;none&#8220;][vc_column_text]\n<div id=\"content_wrap\">\n<h2 style=\"text-align: center;\">Voln\u00e1 m\u00edsta<\/h2>\n<\/div>\n<div>\n<p>&nbsp;<\/p>\n<p style=\"font-weight: 400;\"><strong>Voln\u00e9 pracovn\u00ed m\u00edsto &#8211; l\u00e9ka\u0159\/ka ORTOPED<\/strong><\/p>\n<p style=\"font-weight: 400;\">Do na\u0161eho t\u00fdmu hled\u00e1me kolegu nebo kolegyni na pozici\u00a0<strong>l\u00e9ka\u0159 na odd\u011blen\u00ed ortopedie.<\/strong><\/p>\n<p style=\"font-weight: 400;\">Po\u017eadujeme:<br \/>\n&#8211; odbornou zp\u016fsobilost dle z\u00e1k. 95\/2004 Sb.<br \/>\n&#8211; v\u00fdhodou ukon\u010den\u00fd z\u00e1kladn\u00ed kmen v oboru ortopedie nebo ukon\u010den\u00e9 specializa\u010dn\u00ed vzd\u011bl\u00e1v\u00e1n\u00ed<br \/>\n&#8211; z\u00e1jem o obor, schopnost t\u00fdmov\u00e9 spolupr\u00e1ce<br \/>\n&#8211; pozitivn\u00ed a vst\u0159\u00edcn\u00fd p\u0159\u00edstup ke klient\u016fm<\/p>\n<p style=\"font-weight: 400;\">Nab\u00edz\u00edme:<br \/>\n&#8211; zam\u011bstn\u00e1n\u00ed na pln\u00fd \u00favazek<br \/>\n&#8211; motivuj\u00edc\u00ed mzdov\u00e9 podm\u00ednky + osobn\u00ed ohodnocen\u00ed + benefity<br \/>\n&#8211; pr\u00e1ci na l\u016f\u017ekov\u00e9m odd\u011blen\u00ed a ambulanci, \u00fa\u010dast na ortopedick\u00e9 operativ\u011b<br \/>\n&#8211; podpora vzd\u011bl\u00e1v\u00e1n\u00ed a dal\u0161\u00edho profesn\u00edho r\u016fstu<br \/>\n&#8211; 5 t\u00fddn\u016f dovolen\u00e9<br \/>\n&#8211; stravenky<br \/>\n&#8211; dal\u0161\u00ed benefity, zam\u011bstnaneck\u00e9 akce<\/p>\n<p style=\"font-weight: 400;\">N\u00e1stup mo\u017en\u00fd ihned nebo dle dohody.<br \/>\nV p\u0159\u00edpad\u011b z\u00e1jmu za\u0161lete pros\u00edm V\u00e1\u0161 \u017eivotopis, p\u0159\u00edp. bli\u017e\u0161\u00ed informace na orthes@orthes.cz.<\/p>\n<\/div>\n[\/vc_column_text][\/vc_column][\/vc_row]\n","protected":false},"excerpt":{"rendered":"<p>[vc_row type=&#8220;full_width_background&#8220; full_screen_row_position=&#8220;middle&#8220; column_margin=&#8220;default&#8220; column_direction=&#8220;default&#8220; column_direction_tablet=&#8220;default&#8220; column_direction_phone=&#8220;default&#8220; bg_image=&#8220;6476&#8243; bg_position=&#8220;center top&#8220; bg_repeat=&#8220;no-repeat&#8220; scene_position=&#8220;center&#8220; text_color=&#8220;dark&#8220; text_align=&#8220;left&#8220; row_border_radius=&#8220;none&#8220; row_border_radius_applies=&#8220;bg&#8220; color_overlay=&#8220;#ffffff&#8220; overlay_strength=&#8220;0.3&#8243; gradient_direction=&#8220;left_to_right&#8220; shape_divider_position=&#8220;bottom&#8220; bg_image_animation=&#8220;none&#8220; shape_type=&#8220;&#8220;][vc_column column_padding=&#8220;no-extra-padding&#8220; column_padding_tablet=&#8220;inherit&#8220; column_padding_phone=&#8220;inherit&#8220;&#8230;<\/p>\n","protected":false},"author":2,"featured_media":0,"parent":0,"menu_order":0,"comment_status":"closed","ping_status":"closed","template":"","meta":{"footnotes":""},"class_list":["post-6816","page","type-page","status-publish"],"_links":{"self":[{"href":"https:\/\/www.orthes.cz\/index.php\/wp-json\/wp\/v2\/pages\/6816","targetHints":{"allow":["GET"]}}],"collection":[{"href":"https:\/\/www.orthes.cz\/index.php\/wp-json\/wp\/v2\/pages"}],"about":[{"href":"https:\/\/www.orthes.cz\/index.php\/wp-json\/wp\/v2\/types\/page"}],"author":[{"embeddable":true,"href":"https:\/\/www.orthes.cz\/index.php\/wp-json\/wp\/v2\/users\/2"}],"replies":[{"embeddable":true,"href":"https:\/\/www.orthes.cz\/index.php\/wp-json\/wp\/v2\/comments?post=6816"}],"version-history":[{"count":6,"href":"https:\/\/www.orthes.cz\/index.php\/wp-json\/wp\/v2\/pages\/6816\/revisions"}],"predecessor-version":[{"id":6865,"href":"https:\/\/www.orthes.cz\/index.php\/wp-json\/wp\/v2\/pages\/6816\/revisions\/6865"}],"wp:attachment":[{"href":"https:\/\/www.orthes.cz\/index.php\/wp-json\/wp\/v2\/media?parent=6816"}],"curies":[{"name":"wp","href":"https:\/\/api.w.org\/{rel}","templated":true}]}}